{"id":474,"date":"2025-03-13T19:27:19","date_gmt":"2025-03-13T19:27:19","guid":{"rendered":"https:\/\/trenta.at\/?page_id=474"},"modified":"2025-03-13T19:27:20","modified_gmt":"2025-03-13T19:27:20","slug":"trenta-graz","status":"publish","type":"page","link":"https:\/\/trenta.at\/","title":{"rendered":"Trenta Graz"},"content":{"rendered":"\n  \n    <section class=\"u-carousel u-slide u-block-0181-1\" id=\"carousel-180f\" data-interval=\"5000\" data-u-ride=\"carousel\">\n      <ol class=\"u-absolute-hcenter u-carousel-indicators u-block-0181-2\">\n        <li data-u-target=\"#carousel-180f\" class=\"u-active u-grey-30\" data-u-slide-to=\"0\"><\/li>\n        <li data-u-target=\"#carousel-180f\" class=\"u-grey-30\" data-u-slide-to=\"1\"><\/li>\n        <li data-u-target=\"#carousel-180f\" class=\"u-grey-30\" data-u-slide-to=\"2\"><\/li>\n        <li data-u-target=\"#carousel-180f\" class=\"u-grey-30\" data-u-slide-to=\"3\"><\/li>\n        <li data-u-target=\"#carousel-180f\" class=\"u-grey-30\" data-u-slide-to=\"4\"><\/li>\n      <\/ol>\n      <div class=\"u-carousel-inner\" role=\"listbox\">\n        <div class=\"u-active u-align-center u-carousel-item u-clearfix u-image u-shading u-section-1-1\" src=\"\" data-image-width=\"7810\" data-image-height=\"5209\" style=\"background-image: linear-gradient(0deg, rgba(0, 0, 0, 0.05), rgba(0, 0, 0, 0.05)), url(&quot;https:\/\/trenta.at\/wp-content\/uploads\/2025\/03\/DSC04820-4.jpg&quot;);\">\n          <div class=\"u-clearfix u-sheet u-sheet-1\">\n            <h1 class=\"u-custom-font u-font-courier-new u-text u-text-default u-title u-text-1\">Ristorante Trenta<\/h1>\n            <p class=\"u-custom-font u-font-courier-new u-large-text u-text u-text-variant u-text-2\">Dein Lieblingsitaliener in Graz<\/p>\n          <\/div>\n        <\/div>\n        <div class=\"u-align-center u-carousel-item u-clearfix u-image u-shading u-section-1-2\" src=\"\" data-image-width=\"7844\" data-image-height=\"5232\" style=\"background-image: linear-gradient(0deg, rgba(0, 0, 0, 0.1), rgba(0, 0, 0, 0.1)), url(&quot;https:\/\/trenta.at\/wp-content\/uploads\/2025\/03\/DSC04829-4.jpg&quot;);\">\n          <div class=\"u-clearfix u-sheet u-sheet-1\">\n            <h1 class=\"u-custom-font u-font-courier-new u-text u-text-default u-title u-text-1\">Ristorante Trenta<\/h1>\n            <p class=\"u-custom-font u-font-courier-new u-large-text u-text u-text-variant u-text-2\">Erlebe Italien hautnah<\/p>\n          <\/div>\n        <\/div>\n        <div class=\"u-align-center u-carousel-item u-clearfix u-image u-shading u-section-1-3\" src=\"\" data-image-width=\"7681\" data-image-height=\"5123\" style=\"background-image: linear-gradient(0deg, rgba(0, 0, 0, 0.1), rgba(0, 0, 0, 0.1)), url(&quot;https:\/\/trenta.at\/wp-content\/uploads\/2025\/03\/DSC04848-4.jpg&quot;);\">\n          <div class=\"u-clearfix u-sheet u-sheet-1\">\n            <h1 class=\"u-custom-font u-font-courier-new u-text u-text-default u-title u-text-1\">Ristorante Trenta<\/h1>\n            <p class=\"u-custom-font u-font-courier-new u-large-text u-text u-text-variant u-text-2\">Wir sind t\u00e4glich f\u00fcr dich da<\/p>\n          <\/div>\n        <\/div>\n        <div class=\"u-align-center u-carousel-item u-clearfix u-image u-shading u-section-1-4\" src=\"\" data-image-width=\"7563\" data-image-height=\"5044\" style=\"background-image: linear-gradient(0deg, rgba(0, 0, 0, 0.05), rgba(0, 0, 0, 0.05)), url(&quot;https:\/\/trenta.at\/wp-content\/uploads\/2025\/03\/DSC04778-4.jpg&quot;);\">\n          <div class=\"u-clearfix u-sheet u-sheet-1\">\n            <h1 class=\"u-custom-font u-font-courier-new u-text u-text-default u-title u-text-1\">Ristorante Trenta<\/h1>\n            <p class=\"u-custom-font u-font-courier-new u-large-text u-text u-text-variant u-text-2\">Genie\u00dfe deinen Feierabend in harmonischer Athmosph\u00e4re<\/p>\n          <\/div>\n        <\/div>\n        <div class=\"u-align-center u-carousel-item u-clearfix u-image u-shading u-section-1-5\" src=\"\" data-image-width=\"7952\" data-image-height=\"5304\" style=\"background-image: linear-gradient(0deg, rgba(0, 0, 0, 0.05), rgba(0, 0, 0, 0.05)), url(&quot;https:\/\/trenta.at\/wp-content\/uploads\/2025\/03\/DSC04768-4.jpg&quot;);\">\n          <div class=\"u-clearfix u-sheet u-sheet-1\">\n            <h1 class=\"u-custom-font u-font-courier-new u-text u-text-default u-title u-text-1\">Ristorante Trenta<\/h1>\n            <p class=\"u-custom-font u-font-courier-new u-large-text u-text u-text-variant u-text-2\">Wir machen dein Dinner zu zweit unvergesslich<\/p>\n          <\/div>\n        <\/div>\n      <\/div>\n      <a class=\"u-absolute-vcenter u-carousel-control u-carousel-control-prev u-text-grey-30 u-block-0181-3\" href=\"#carousel-180f\" role=\"button\" data-u-slide=\"prev\">\n        <span aria-hidden=\"true\">\n          <svg class=\"u-svg-link\" viewBox=\"0 0 477.175 477.175\"><path d=\"M145.188,238.575l215.5-215.5c5.3-5.3,5.3-13.8,0-19.1s-13.8-5.3-19.1,0l-225.1,225.1c-5.3,5.3-5.3,13.8,0,19.1l225.1,225\n                    c2.6,2.6,6.1,4,9.5,4s6.9-1.3,9.5-4c5.3-5.3,5.3-13.8,0-19.1L145.188,238.575z\"><\/path><\/svg>\n        <\/span>\n        <span class=\"sr-only\">Previous<\/span>\n      <\/a>\n      <a class=\"u-absolute-vcenter u-carousel-control u-carousel-control-next u-text-grey-30 u-block-0181-4\" href=\"#carousel-180f\" role=\"button\" data-u-slide=\"next\">\n        <span aria-hidden=\"true\">\n          <svg class=\"u-svg-link\" viewBox=\"0 0 477.175 477.175\"><path d=\"M360.731,229.075l-225.1-225.1c-5.3-5.3-13.8-5.3-19.1,0s-5.3,13.8,0,19.1l215.5,215.5l-215.5,215.5\n                    c-5.3,5.3-5.3,13.8,0,19.1c2.6,2.6,6.1,4,9.5,4c3.4,0,6.9-1.3,9.5-4l225.1-225.1C365.931,242.875,365.931,234.275,360.731,229.075z\"><\/path><\/svg>\n        <\/span>\n        <span class=\"sr-only\">Weiter<\/span>\n      <\/a>\n    <\/section>\n    <section class=\"u-clearfix u-image u-shading u-section-2\" id=\"carousel_daf8\" data-image-width=\"7095\" data-image-height=\"4732\" style=\"background-image: linear-gradient(0deg, rgba(255, 255, 255, 0.15), rgba(255, 255, 255, 0.15)), url(&quot;https:\/\/trenta.at\/wp-content\/uploads\/2025\/03\/DSC04811-4.jpg&quot;);\">\n      <div class=\"u-clearfix u-sheet u-sheet-1\">\n        <div class=\"data-layout-selected u-clearfix u-expanded-width u-gutter-46 u-layout-wrap u-layout-wrap-1\">\n          <div class=\"u-layout\">\n            <div class=\"u-layout-row\">\n              <div class=\"u-align-left u-container-style u-image u-layout-cell u-left-cell u-size-15 u-image-1\" src=\"\" data-image-width=\"7513\" data-image-height=\"5011\" style=\"background-image: url(&quot;https:\/\/trenta.at\/wp-content\/uploads\/2025\/03\/DSC03940-4.jpg&quot;);\">\n                <div class=\"u-container-layout u-container-layout-1\" src=\"\"><\/div>\n              <\/div>\n              <div class=\"u-align-center u-container-style u-layout-cell u-size-15 u-layout-cell-2\">\n                <div class=\"u-border-6 u-border-black u-container-layout u-container-layout-2\">\n                  <h4 class=\"u-custom-font u-font-courier-new u-text u-text-body-color u-text-1\">Mittagsmen\u00fc<br>\n                  <\/h4>\n                  <p class=\"u-custom-font u-font-courier-new u-text u-text-body-color u-text-2\">Von 11 bis 14 Uhr gibt es von Montag bis Freitag unser einzigartiges Mittagsmen\u00fc<\/p>\n                  <a href=\"https:\/\/trenta.at\/wochenkarte.pdf\" class=\"u-border-2 u-border-black u-btn u-button-style u-custom-font u-font-courier-new u-hover-black u-none u-text-body-color u-text-hover-white u-btn-1\" target=\"_blank\">wochenkarte<br>\n                  <\/a>\n                <\/div>\n              <\/div>\n              <div class=\"u-align-left u-container-style u-image u-layout-cell u-size-15 u-image-2\" src=\"\" data-image-width=\"4841\" data-image-height=\"7258\" style=\"background-image: url(&quot;https:\/\/trenta.at\/wp-content\/uploads\/2025\/03\/DSC04868-4.jpg&quot;);\">\n                <div class=\"u-container-layout\" src=\"\"><\/div>\n              <\/div>\n              <div class=\"u-align-center u-container-style u-layout-cell u-right-cell u-size-15 u-layout-cell-4\">\n                <div class=\"u-border-6 u-border-black u-container-layout u-container-layout-4\">\n                  <h4 class=\"u-align-center u-custom-font u-font-courier-new u-text u-text-body-color u-text-3\">Speisekarte<\/h4>\n                  <p class=\"u-custom-font u-font-courier-new u-text u-text-body-color u-text-4\">Mit \u00fcber 100 Sitzpl\u00e4tzen l\u00e4dt unser Gastgarten zum Verweihlen ein<\/p>\n                  <a href=\"https:\/\/trenta.at\/speisekarte.pdf\" class=\"u-border-2 u-border-black u-btn u-button-style u-custom-font u-font-courier-new u-hover-black u-none u-text-body-color u-text-hover-white u-btn-2\">Speisekarte<br>\n                  <\/a>\n                <\/div>\n              <\/div>\n            <\/div>\n          <\/div>\n        <\/div>\n        <div class=\"data-layout-selected u-clearfix u-expanded-width u-gutter-42 u-layout-wrap u-layout-wrap-2\">\n          <div class=\"u-layout\">\n            <div class=\"u-layout-row\">\n              <div class=\"u-align-left u-container-style u-image u-layout-cell u-left-cell u-size-15 u-image-3\" src=\"\" data-image-width=\"7952\" data-image-height=\"5304\" style=\"background-image: url(&quot;https:\/\/trenta.at\/wp-content\/uploads\/2025\/03\/DSC03929-4.jpg&quot;);\">\n                <div class=\"u-container-layout\" src=\"\"><\/div>\n              <\/div>\n              <div class=\"u-align-center u-container-style u-layout-cell u-size-15 u-layout-cell-6\">\n                <div class=\"u-border-6 u-border-black u-container-layout u-container-layout-6\">\n                  <h4 class=\"u-custom-font u-font-courier-new u-text u-text-body-color u-text-5\">Newsletter<\/h4>\n                  <p class=\"u-custom-font u-font-courier-new u-text u-text-body-color u-text-6\">Abonniere unseren Newsletter und verpasse unsere Wochenkarte nie mehr<\/p>\n                  <a href=\"mailto:ristorante@trenta.at?subject=Newsletter%20Anmeldung\" class=\"u-border-2 u-border-black u-btn u-button-style u-custom-font u-font-courier-new u-hover-black u-none u-text-body-color u-text-hover-white u-btn-3\" target=\"_blank\">Anmeldung<\/a>\n                <\/div>\n              <\/div>\n              <div class=\"u-align-left u-container-style u-image u-layout-cell u-size-15 u-image-4\" src=\"\" data-image-width=\"1600\" data-image-height=\"1170\" style=\"background-image: url(&quot;https:\/\/trenta.at\/wp-content\/uploads\/2025\/03\/IMG-20240925-WA0002-4.jpg&quot;);\">\n                <div class=\"u-container-layout\" src=\"\"><\/div>\n              <\/div>\n              <div class=\"u-align-center u-container-style u-layout-cell u-right-cell u-size-15 u-layout-cell-8\">\n                <div class=\"u-border-6 u-border-black u-container-layout u-valign-top u-container-layout-8\">\n                  <h4 class=\"u-custom-font u-font-courier-new u-text u-text-body-color u-text-7\">Lieferdienst<\/h4>\n                  <p class=\"u-custom-font u-font-courier-new u-text u-text-body-color u-text-8\">Bestelle in unserem Webshop deine Mahlzeit und lass sie dir nach Hause liefern<\/p>\n                  <a href=\"https:\/\/restorante-trenta.simplywebshop.de\/storedata\/listStore\" class=\"u-border-2 u-border-black u-btn u-button-style u-custom-font u-font-courier-new u-hover-black u-none u-text-body-color u-text-hover-white u-btn-4\" target=\"_blank\">Webshop<br>\n                  <\/a>\n                <\/div>\n              <\/div>\n            <\/div>\n          <\/div>\n        <\/div>\n      <\/div>\n    <\/section>\n    <section class=\"u-carousel u-slide u-block-de29-1\" id=\"carousel-dbc0\" data-interval=\"5000\" data-u-ride=\"carousel\">\n      <ol class=\"u-absolute-hcenter u-carousel-indicators u-block-de29-2\">\n        <li data-u-target=\"#carousel-dbc0\" class=\"u-active u-grey-30\" data-u-slide-to=\"0\"><\/li>\n        <li data-u-target=\"#carousel-dbc0\" class=\"u-grey-30\" data-u-slide-to=\"1\"><\/li>\n        <li data-u-target=\"#carousel-dbc0\" class=\"u-grey-30\" data-u-slide-to=\"2\"><\/li>\n        <li data-u-target=\"#carousel-dbc0\" class=\"u-grey-30\" data-u-slide-to=\"3\"><\/li>\n        <li data-u-target=\"#carousel-dbc0\" class=\"u-grey-30\" data-u-slide-to=\"4\"><\/li>\n      <\/ol>\n      <div class=\"u-carousel-inner\" role=\"listbox\">\n        <div class=\"u-active u-align-center u-carousel-item u-clearfix u-image u-shading u-section-3-1\" src=\"\" data-image-width=\"7952\" data-image-height=\"5304\" style=\"background-image: linear-gradient(0deg, rgba(0, 0, 0, 0.05), rgba(0, 0, 0, 0.05)), url(&quot;https:\/\/trenta.at\/wp-content\/uploads\/2025\/03\/DSC04950-4.jpg&quot;);\">\n          <div class=\"u-clearfix u-sheet u-sheet-1\">\n            <h1 class=\"u-custom-font u-font-courier-new u-text u-text-default u-title u-text-1\">napoletanische Pizzen aus dem Steinofen<\/h1>\n            <p class=\"u-custom-font u-font-courier-new u-large-text u-text u-text-variant u-text-2\">unser einzigartiges Teigrezept schmeckt man bei jedem Bissen<\/p>\n          <\/div>\n        <\/div>\n        <div class=\"u-align-center u-carousel-item u-clearfix u-image u-shading u-section-3-2\" src=\"\" data-image-width=\"6802\" data-image-height=\"4537\" style=\"background-image: linear-gradient(0deg, rgba(0, 0, 0, 0.05), rgba(0, 0, 0, 0.05)), url(&quot;https:\/\/trenta.at\/wp-content\/uploads\/2025\/03\/DSC03910-4.jpg&quot;);\">\n          <div class=\"u-clearfix u-sheet u-sheet-1\">\n            <h1 class=\"u-custom-font u-font-courier-new u-text u-text-default u-title u-text-1\">Pasta alla Trenta<\/h1>\n            <p class=\"u-custom-font u-font-courier-new u-large-text u-text u-text-variant u-text-2\">Pronieren Sie eines unsere frischen Pastagerichte<\/p>\n          <\/div>\n        <\/div>\n        <div class=\"u-align-center u-carousel-item u-clearfix u-image u-shading u-section-3-3\" src=\"\" data-image-width=\"6351\" data-image-height=\"4236\" style=\"background-image: linear-gradient(0deg, rgba(0, 0, 0, 0.05), rgba(0, 0, 0, 0.05)), url(&quot;https:\/\/trenta.at\/wp-content\/uploads\/2025\/03\/DSC04692-4.jpg&quot;);\">\n          <div class=\"u-clearfix u-sheet u-sheet-1\">\n            <h1 class=\"u-custom-font u-font-courier-new u-text u-text-default u-title u-text-1\">Steinofenqualit\u00e4t<\/h1>\n            <p class=\"u-custom-font u-font-courier-new u-large-text u-text u-text-variant u-text-2\">zubereitet wie in Neapel kommen unsere Pizzen bei hoher Temperatur kurz in den Ofen<\/p>\n          <\/div>\n        <\/div>\n        <div class=\"u-align-center u-carousel-item u-clearfix u-image u-section-3-4\" src=\"\" data-image-width=\"5211\" data-image-height=\"3476\" style=\"background-image: url(&quot;https:\/\/trenta.at\/wp-content\/uploads\/2025\/03\/DSC04581-4.jpg&quot;);\">\n          <div class=\"u-clearfix u-sheet u-sheet-1\">\n            <h1 class=\"u-custom-font u-font-courier-new u-text u-text-default u-title u-text-1\">Pizzaioli<\/h1>\n            <p class=\"u-custom-font u-font-courier-new u-large-text u-text u-text-variant u-text-2\">unsere \"Pizzaioli\" sind ausgebildetet Profis<\/p>\n          <\/div>\n        <\/div>\n        <div class=\"u-align-center u-carousel-item u-clearfix u-image u-shading u-section-3-5\" src=\"\" data-image-width=\"7536\" data-image-height=\"5026\" style=\"background-image: linear-gradient(0deg, rgba(0, 0, 0, 0.05), rgba(0, 0, 0, 0.05)), url(&quot;https:\/\/trenta.at\/wp-content\/uploads\/2025\/03\/DSC03879-4.jpg&quot;);\">\n          <div class=\"u-clearfix u-sheet u-sheet-1\">\n            <h1 class=\"u-custom-font u-font-courier-new u-text u-text-default u-title u-text-1\">Pesce<\/h1>\n            <p class=\"u-custom-font u-font-courier-new u-large-text u-text u-text-variant u-text-2\">von Calamari grigilia bis Lachsfilet finden Sie bei uns in der Speisekarte<\/p>\n          <\/div>\n        <\/div>\n      <\/div>\n      <a class=\"u-absolute-vcenter u-carousel-control u-carousel-control-prev u-text-grey-30 u-block-de29-3\" href=\"#carousel-dbc0\" role=\"button\" data-u-slide=\"prev\">\n        <span aria-hidden=\"true\">\n          <svg class=\"u-svg-link\" viewBox=\"0 0 477.175 477.175\"><path d=\"M145.188,238.575l215.5-215.5c5.3-5.3,5.3-13.8,0-19.1s-13.8-5.3-19.1,0l-225.1,225.1c-5.3,5.3-5.3,13.8,0,19.1l225.1,225\n                    c2.6,2.6,6.1,4,9.5,4s6.9-1.3,9.5-4c5.3-5.3,5.3-13.8,0-19.1L145.188,238.575z\"><\/path><\/svg>\n        <\/span>\n        <span class=\"sr-only\">Previous<\/span>\n      <\/a>\n      <a class=\"u-absolute-vcenter u-carousel-control u-carousel-control-next u-text-grey-30 u-block-de29-4\" href=\"#carousel-dbc0\" role=\"button\" data-u-slide=\"next\">\n        <span aria-hidden=\"true\">\n          <svg class=\"u-svg-link\" viewBox=\"0 0 477.175 477.175\"><path d=\"M360.731,229.075l-225.1-225.1c-5.3-5.3-13.8-5.3-19.1,0s-5.3,13.8,0,19.1l215.5,215.5l-215.5,215.5\n                    c-5.3,5.3-5.3,13.8,0,19.1c2.6,2.6,6.1,4,9.5,4c3.4,0,6.9-1.3,9.5-4l225.1-225.1C365.931,242.875,365.931,234.275,360.731,229.075z\"><\/path><\/svg>\n        <\/span>\n        <span class=\"sr-only\">Weiter<\/span>\n      <\/a>\n    <\/section>\n    \n    \n    \n    \n  \n","protected":false},"excerpt":{"rendered":"<p>Ristorante Trenta Dein Lieblingsitaliener in Graz Ristorante Trenta Erlebe Italien hautnah Ristorante Trenta Wir sind t\u00e4glich f\u00fcr dich da Ristorante Trenta Genie\u00dfe deinen Feierabend in harmonischer Athmosph\u00e4re Ristorante Trenta Wir machen dein Dinner zu zweit unvergesslich Previous Weiter Mittagsmen\u00fc Von 11 bis 14 Uhr gibt es von Montag bis Freitag unser einzigartiges Mittagsmen\u00fc wochenkarte Speisekarte &hellip; <a href=\"https:\/\/trenta.at\/\" class=\"more-link\">Continue reading<span class=\"screen-reader-text\"> &#8222;Trenta Graz&#8220;<\/span><\/a><\/p>\n","protected":false},"author":1,"featured_media":0,"parent":0,"menu_order":1,"comment_status":"closed","ping_status":"closed","template":"","meta":{"footnotes":""},"class_list":["post-474","page","type-page","status-publish","hentry"],"_links":{"self":[{"href":"https:\/\/trenta.at\/index.php?rest_route=\/wp\/v2\/pages\/474","targetHints":{"allow":["GET"]}}],"collection":[{"href":"https:\/\/trenta.at\/index.php?rest_route=\/wp\/v2\/pages"}],"about":[{"href":"https:\/\/trenta.at\/index.php?rest_route=\/wp\/v2\/types\/page"}],"author":[{"embeddable":true,"href":"https:\/\/trenta.at\/index.php?rest_route=\/wp\/v2\/users\/1"}],"replies":[{"embeddable":true,"href":"https:\/\/trenta.at\/index.php?rest_route=%2Fwp%2Fv2%2Fcomments&post=474"}],"version-history":[{"count":1,"href":"https:\/\/trenta.at\/index.php?rest_route=\/wp\/v2\/pages\/474\/revisions"}],"predecessor-version":[{"id":481,"href":"https:\/\/trenta.at\/index.php?rest_route=\/wp\/v2\/pages\/474\/revisions\/481"}],"wp:attachment":[{"href":"https:\/\/trenta.at\/index.php?rest_route=%2Fwp%2Fv2%2Fmedia&parent=474"}],"curies":[{"name":"wp","href":"https:\/\/api.w.org\/{rel}","templated":true}]}}